{"id":23,"date":"2012-09-25T03:00:00","date_gmt":"2012-09-25T03:00:00","guid":{"rendered":"http:\/\/sitios.usac.edu.gt\/cedesyd\/?page_id=23"},"modified":"2012-09-25T03:00:00","modified_gmt":"2012-09-25T03:00:00","slug":"publicaciones","status":"publish","type":"page","link":"https:\/\/cedesyd.usac.edu.gt\/index.php\/publicaciones\/","title":{"rendered":"Publicaciones"},"content":{"rendered":"<h1><\/h1>\n<h1>\u00a0<a href=\"http:\/\/c2.usac.edu.gt\/cedesyd\/public_html\/wp-content\/uploads\/2012\/09\/header-40-min-y-lst.png\"><img loading=\"lazy\" decoding=\"async\" class=\"alignnone size-large wp-image-98\" title=\"40 minutos y listo\" alt=\"\" src=\"http:\/\/c2.usac.edu.gt\/cedesyd\/public_html\/wp-content\/uploads\/2012\/09\/header-40-min-y-lst-1024x568.png\" width=\"620\" height=\"343\" \/><\/a><\/h1>\n<h1>40 Minutos y Listo<\/h1>\n<h3 style=\"text-align: left;\">Por una Universidad M\u00e1s Segura<\/h3>\n<p>Ing.Agr. Ra\u00fal Gabriel Vargas<\/p>\n<p style=\"text-align: justify;\">El proyecto de capacitaci\u00f3n para la reducci\u00f3n de desastres por terremoto \u201c40 Minutos y Listo por un Aula Segura\u201d, es una metodolog\u00eda pr\u00e1ctica y creativa, aplicada a cada circunstancia particular de cada ambiente de clases universitarias y adaptada a las visiones de los alumnos de cada carrera que desarrolla el concepto de Aula Segura en un tiempo no mayor de 40 minutos.<\/p>\n<p style=\"text-align: justify;\">El capacitador facilita que los estudiantes identifiquen en su aula cuales elementos por su disposici\u00f3n, dise\u00f1o o material de construcci\u00f3n representan amenazas en caso de sismo; asimismo reconocen las actitudes dentro del aula que los hacen m\u00e1s vulnerables, fomentando con ejemplos creativos el sentido com\u00fan para el uso de recursos, la solidaridad y el sentido de pertenencia a la Universidad, que potencien su capacidad de respuesta ante los impredecibles sismos.<\/p>\n<p style=\"text-align: justify;\">A cada clase, previa programaci\u00f3n, la instruyen dos capacitadores que se presentan sin ning\u00fan material y equipo, pues la capacitaci\u00f3n es totalmente pr\u00e1ctica, lo cual la hace vers\u00e1til y de bajo costo. Con 10 parejas de capacitadores en un jornada de 8 horas, atendiendo clases de 60 estudiantes, se capacitan a 4,800 estudiantes por d\u00eda, lo cual permite atender altas poblaciones estudiantiles como la de la Universidad de San Carlos de Guatemala que supera los 100,000 estudiantes.<\/p>\n<p><strong>DRSCARGAS<\/strong><\/p>\n<p><a title=\"Evacuaci\u00f3n\" href=\"http:\/\/es.scribd.com\/doc\/205151697\/40-Minutos-y-Listo-por-un-Aula-Segura-Preparacion-ante-terremotos-CEDESYD-USAC-GUATEMALA\">http:\/\/es.scribd.com\/doc\/205151697\/40-Minutos-y-Listo-por-un-Aula-Segura-Preparacion-ante-terremotos-CEDESYD-USAC-GUATEMALA<\/a><\/p>\n<p><strong>Desplegable para reproducir:<\/strong><\/p>\n<p><a title=\"Desplegable\" href=\"http:\/\/es.scribd.com\/doc\/205152409\/Desplegable-40-Min\">http:\/\/es.scribd.com\/doc\/205152409\/Desplegable-40-Min<\/a><\/p>\n<h1 style=\"text-align: justify;\">&#8212;&#8212;&#8212;&#8212;&#8212;&#8212;&#8212;&#8212;&#8212;&#8212;&#8212;&#8212;&#8212;&#8212;&#8212;&#8212;&#8212;&#8212;&#8212;-<\/h1>\n<h1 style=\"text-align: justify;\"><\/h1>\n<h1 style=\"text-align: justify;\">Manual Seguridad en Laboratorios.<\/h1>\n<p>Ing. Qca. \u00a0Pamela Mej\u00eda<\/p>\n<p>&nbsp;<\/p>\n<p style=\"text-align: justify;\">Los riesgos a los que se est\u00e1 expuestos dentro de los laboratorios, pueden materializarse tanto en accidentes (incendios, explosiones, heridas o quemaduras), como en otros da\u00f1os para la salud derivados de exposiciones a agentes f\u00edsicos, qu\u00edmicos o biol\u00f3gicos.<\/p>\n<p style=\"text-align: justify;\">Este documento es la primera colaboraci\u00f3n del Centro de Estudios de Desarrollo Seguro y Desastres de la Universidad de San Carlos de Guatemala para reducir los riesgos derivados del trabajo que se desempe\u00f1a en los laboratorios y contiene: aspectos generales,\u00a0 medidas de protecci\u00f3n, medidas preventivas, disposici\u00f3n final general de residuos y qu\u00e9 hacer en caso de situaciones de emergencia. Todos los temas, desarrollados de forma general. La manera ideal de trabajar con sustancias \u00a0qu\u00edmicas es aquella en la que se reduce la probabilidad de que suceda un accidente.<\/p>\n<h3 style=\"text-align: justify;\">DESCARGA:<\/h3>\n<p style=\"text-align: justify;\"><a title=\"Seguridad en laboratorios\" href=\" http:\/\/es.scribd.com\/doc\/209826614\/Seguridad-en-Laboratorios-USAC\">\u00a0http:\/\/es.scribd.com\/doc\/209826614\/Seguridad-en-Laboratorios-USAC<\/a><\/p>\n<p>&nbsp;<\/p>\n<h1 style=\"text-align: justify;\"><\/h1>\n<h1 style=\"text-align: justify;\">Abc en Gesti\u00f3n de Riesgo para el Epesista<\/h1>\n<h1 style=\"text-align: justify;\">USAC.<\/h1>\n<p>&nbsp;<\/p>\n<p>&nbsp;<\/p>\n<p style=\"text-align: justify;\">El Centro de Estudio de Desarrollo Seguro y Desastres de la Universidad de San Carlos de Guatemala a trav\u00e9s de los Estudiantes del Ejercicio Profesional Supervisado de las distintas carreras que se imparten en esta casa de estudios, llega a las poblaciones del interior del pa\u00eds que se encuentran en los lugares m\u00e1s apartados y de dif\u00edcil acceso, as\u00ed como tambi\u00e9n a grandes centros poblados de los municipios y departamentos, siendo entonces un gran recurso humano que puede estar al servicio de la poblaci\u00f3n especialmente en el campo de la prevenci\u00f3n y cuando se presenten, en atenci\u00f3n de los desastres que frecuentemente afectan Guatemala,<br \/>\nEn el ABC de Gesti\u00f3n de Riesgo el epesista podr\u00e1 conocer las definiciones de los conceptos m\u00e1s com\u00fanmente usados en la gesti\u00f3n para la reducci\u00f3n de riesgos a desastres, las principales amenazas de Guatemala y su distribuci\u00f3n geogr\u00e1fica y temporal, algunas herramientas orientadas a la prevenci\u00f3n, herramientas hacia la respuesta y atenci\u00f3n de desastres. El ABC en Gesti\u00f3n de Riesgo constituye una gu\u00eda b\u00e1sica para orientar en una situaci\u00f3n de emergencia y despierte el inter\u00e9s de profundizar en las bastas fuentes utilizadas para escribir este manual y puedan tomar una postura cr\u00edtica sobre la tem\u00e1tica.<\/p>\n<h4 style=\"text-align: justify;\">Solicita una copia digital a este correo electr\u00f3nico: \u00a0cedesyd.usac@gmail.com<\/h4>\n<p>&nbsp;<\/p>\n<p><strong>\u00a0<\/strong><\/p>\n<p>&nbsp;<\/p>\n","protected":false},"excerpt":{"rendered":"<p>\u00a0 40 Minutos y Listo Por una Universidad M\u00e1s Segura Ing.Agr. Ra\u00fal Gabriel Vargas El proyecto de capacitaci\u00f3n para la reducci\u00f3n de desastres por terremoto \u201c40 Minutos y Listo por un Aula Segura\u201d, es una metodolog\u00eda pr\u00e1ctica y creativa, aplicada a cada circunstancia particular de cada ambiente de clases universitarias y adaptada a las visiones [&hellip;]<\/p>\n","protected":false},"author":1,"featured_media":0,"parent":0,"menu_order":0,"comment_status":"open","ping_status":"open","template":"","meta":{"footnotes":""},"class_list":["post-23","page","type-page","status-publish","czr-hentry"],"_links":{"self":[{"href":"https:\/\/cedesyd.usac.edu.gt\/index.php\/wp-json\/wp\/v2\/pages\/23","targetHints":{"allow":["GET"]}}],"collection":[{"href":"https:\/\/cedesyd.usac.edu.gt\/index.php\/wp-json\/wp\/v2\/pages"}],"about":[{"href":"https:\/\/cedesyd.usac.edu.gt\/index.php\/wp-json\/wp\/v2\/types\/page"}],"author":[{"embeddable":true,"href":"https:\/\/cedesyd.usac.edu.gt\/index.php\/wp-json\/wp\/v2\/users\/1"}],"replies":[{"embeddable":true,"href":"https:\/\/cedesyd.usac.edu.gt\/index.php\/wp-json\/wp\/v2\/comments?post=23"}],"version-history":[{"count":0,"href":"https:\/\/cedesyd.usac.edu.gt\/index.php\/wp-json\/wp\/v2\/pages\/23\/revisions"}],"wp:attachment":[{"href":"https:\/\/cedesyd.usac.edu.gt\/index.php\/wp-json\/wp\/v2\/media?parent=23"}],"curies":[{"name":"wp","href":"https:\/\/api.w.org\/{rel}","templated":true}]}}