{"id":33,"date":"2012-09-25T03:04:01","date_gmt":"2012-09-25T03:04:01","guid":{"rendered":"http:\/\/sitios.usac.edu.gt\/cedesyd\/?page_id=33"},"modified":"2025-02-20T09:23:50","modified_gmt":"2025-02-20T15:23:50","slug":"nosotros","status":"publish","type":"page","link":"https:\/\/cedesyd.usac.edu.gt\/index.php\/nosotros\/","title":{"rendered":"\u00bfQui\u00e9nes somos?"},"content":{"rendered":"\n<p class=\"has-text-align-justify has-black-color has-white-background-color has-text-color has-background has-medium-font-size has-text-align-justify\">Bajo el lema \u201cPor una Universidad Segura Reduciendo el Riesgo de Desastres\u201d el Centro de Estudios de Desarrollo Seguro y Desastres \u2013CEDESYD- de la Universidad de San Carlos de Guatemala \u2013USAC-, aborda y amplia el enfoque conceptual tradicional,&nbsp; el cual se basa en la gesti\u00f3n de los desastres a un enfoque que privilegia la gesti\u00f3n del riesgo de desastres, esto en el marco del desarrollo y basado en la reducci\u00f3n del riesgo de desastres de una manera m\u00e1s amplia&nbsp; y m\u00e1s centrada en las personas.<\/p>\n\n\n\n<p class=\"has-text-align-justify has-background has-medium-font-size has-text-align-justify\" style=\"background-color:#f4f4f4\">Las pr\u00e1cticas de reducci\u00f3n del riesgo de desastres deben ser multi-riesgos y multisectoriales, inclusivas y accesibles para que sean eficientes y eficaces, seg\u00fan se describe en el Marco de Sendai; es por ello que el enfoque de gesti\u00f3n del riesgo debe de ir&nbsp; integrando al propio ADN del desarrollo seguro, comprendi\u00e9ndolo como un proceso social complejo a trav\u00e9s del cual se pretende lograr la reducci\u00f3n de los niveles de riesgo existentes y evitar la construcci\u00f3n de nuevos riesgos como tambi\u00e9n gestionar el riesgo residual&nbsp; y as\u00ed fomentar procesos sociales de construcci\u00f3n de nuevas oportunidades de producci\u00f3n y asentamiento en el territorio nacional, las cuales deben desarrollarse en condiciones de seguridad y sostenibilidad aceptables, promoviendo los siguientes enfoques de la Gesti\u00f3n Integral del Riesgo de Desastres:<\/p>\n\n\n\n<figure class=\"wp-block-image\"><img decoding=\"async\" src=\"http:\/\/c3.usac.edu.gt\/cedesyd.usac.edu.gt\/public_html\/wp-content\/uploads\/2019\/03\/infografia-gdr-redes-01-1024x791.jpg\" alt=\"\"\/><\/figure>\n\n\n\n<hr class=\"wp-block-separator has-css-opacity is-style-wide\"\/>\n\n\n\n<p class=\"has-text-align-justify has-medium-font-size has-text-align-justify\">Con este enfoque el&nbsp; CEDESYD contribuye a la construcci\u00f3n de una sociedad segura y resiliente, proporcionando alternativas en la b\u00fasqueda de una mejor calidad de vida, y al mismo tiempo promoviendo el fortalecimiento la cultura de seguridad y resiliencia.<\/p>\n\n\n\n<p class=\"has-text-align-justify has-medium-font-size has-text-align-justify\">El CEDESYD es la dependencia institucional de la USAC que participa en los diferentes espacios de gesti\u00f3n del desarrollo seguro y desastres, a nivel nacional e internacional,&nbsp; entre sus funciones sobresalen la de facilitar, promover y coordinar dentro de la Universidad de San Carlos de Guatemala la formaci\u00f3n de recurso humano en el tema de desarrollo seguro, gesti\u00f3n del riesgo y cambio clim\u00e1tico; producci\u00f3n de conocimiento y proyecci\u00f3n acad\u00e9mica a la sociedad a nivel nacional y regional.<\/p>\n\n\n\n<p class=\"has-text-align-justify has-medium-font-size has-text-align-justify\">En cumplimiento de este mandato se ha creado lo que se llama La&nbsp; Agenda del Desarrollo en la cual se vinculan las cuatro prioridades de acci\u00f3n del Marco de SENDAI:<\/p>\n\n\n\n<p class=\"has-text-align-justify has-medium-font-size has-text-align-justify\">En base a esta agenda se prioriza a lo interno de la Universidad de San Carlos de Guatemala cuatro procesos importantes:<\/p>\n\n\n\n<ul class=\"wp-block-list\">\n<li class=\"has-medium-font-size\">Comprender el riesgo de desastres;<\/li>\n\n\n\n<li class=\"has-medium-font-size\">Fortalecer la gobernanza del riesgo de desastres para gestionar dicho riesgo;<\/li>\n\n\n\n<li class=\"has-medium-font-size\">Invertir en la reducci\u00f3n del riesgo de desastres para la resiliencia;<\/li>\n\n\n\n<li class=\"has-medium-font-size\">Aumentar la preparaci\u00f3n para casos de desastre a fin de dar una respuesta eficaz, y \u201creconstruir mejor\u201d en los \u00e1mbitos de la recuperaci\u00f3n, la rehabilitaci\u00f3n y la reconstrucci\u00f3n.<\/li>\n<\/ul>\n\n\n\n<figure class=\"wp-block-image\"><img decoding=\"async\" src=\"http:\/\/c3.usac.edu.gt\/cedesyd.usac.edu.gt\/public_html\/wp-content\/uploads\/2019\/03\/12998343_971808272896838_4026983747968820173_o-1024x723.jpg\" alt=\"\"\/><\/figure>\n\n\n\n<p class=\"has-white-color has-vivid-cyan-blue-background-color has-text-color has-background\">El CEDESYD asume un compromiso por alcanzar el resultado esperado en el Marco de Sendai para la Reducci\u00f3n del Riesgo de Desastres 2015-2030 que busca la reducci\u00f3n sustancial del riesgo de desastres y p\u00e9rdida de vidas, medios de subsistencia, la salud y los bienes f\u00edsicos, sociales, culturales y ambientales de las personas, las empresas, las comunidades y nuestro pa\u00eds, ha fortalecido las capacidades t\u00e9cnicas, instrumentales, tecnol\u00f3gicas y profesionales del CEDESYD, disponiendo para el a\u00f1o 2018 de ocho profesionales a tiempo completo con apoyo de secretar\u00eda y tesorer\u00eda.<\/p>\n\n\n\n<p class=\"has-text-align-justify has-medium-font-size has-text-align-justify\">La Universidad de San Carlos a trav\u00e9s del Centro de Estudios de Desarrollo Seguro y Desastres -CEDESYD- se encuentra trabajando en darle seguimiento a una estrategia de incorporaci\u00f3n de la gesti\u00f3n del riesgo a desastres empezando desde el individuo, que como resultado se reflejar\u00e1 en el bien com\u00fan.<\/p>\n","protected":false},"excerpt":{"rendered":"<p>Bajo el lema \u201cPor una Universidad Segura Reduciendo el Riesgo de Desastres\u201d el Centro de Estudios de Desarrollo Seguro y Desastres \u2013CEDESYD- de la Universidad de San Carlos de Guatemala \u2013USAC-, aborda y amplia el enfoque conceptual tradicional,&nbsp; el cual se basa en la gesti\u00f3n de los desastres a un enfoque que privilegia la gesti\u00f3n [&hellip;]<\/p>\n","protected":false},"author":1,"featured_media":1157,"parent":0,"menu_order":0,"comment_status":"closed","ping_status":"closed","template":"","meta":{"footnotes":""},"class_list":["post-33","page","type-page","status-publish","has-post-thumbnail","czr-hentry"],"_links":{"self":[{"href":"https:\/\/cedesyd.usac.edu.gt\/index.php\/wp-json\/wp\/v2\/pages\/33","targetHints":{"allow":["GET"]}}],"collection":[{"href":"https:\/\/cedesyd.usac.edu.gt\/index.php\/wp-json\/wp\/v2\/pages"}],"about":[{"href":"https:\/\/cedesyd.usac.edu.gt\/index.php\/wp-json\/wp\/v2\/types\/page"}],"author":[{"embeddable":true,"href":"https:\/\/cedesyd.usac.edu.gt\/index.php\/wp-json\/wp\/v2\/users\/1"}],"replies":[{"embeddable":true,"href":"https:\/\/cedesyd.usac.edu.gt\/index.php\/wp-json\/wp\/v2\/comments?post=33"}],"version-history":[{"count":10,"href":"https:\/\/cedesyd.usac.edu.gt\/index.php\/wp-json\/wp\/v2\/pages\/33\/revisions"}],"predecessor-version":[{"id":1779,"href":"https:\/\/cedesyd.usac.edu.gt\/index.php\/wp-json\/wp\/v2\/pages\/33\/revisions\/1779"}],"wp:featuredmedia":[{"embeddable":true,"href":"https:\/\/cedesyd.usac.edu.gt\/index.php\/wp-json\/wp\/v2\/media\/1157"}],"wp:attachment":[{"href":"https:\/\/cedesyd.usac.edu.gt\/index.php\/wp-json\/wp\/v2\/media?parent=33"}],"curies":[{"name":"wp","href":"https:\/\/api.w.org\/{rel}","templated":true}]}}